{"id":154,"date":"2014-09-22T11:44:20","date_gmt":"2014-09-22T11:44:20","guid":{"rendered":"http:\/\/www.highgradelab.com\/shore-restaurant\/?page_id=154"},"modified":"2023-05-25T13:59:19","modified_gmt":"2023-05-25T17:59:19","slug":"contact","status":"publish","type":"page","link":"https:\/\/moosebawr.com\/fr\/contact\/","title":{"rendered":"Contactez-nous"},"content":{"rendered":"<p>[vc_row el_class=\u00a0\u00bbcontained\u00a0\u00bb gmbt_prlx_video_youtube_loop_trigger=\u00a0\u00bb0&Prime; gmbt_prlx_video_height_correction=\u00a0\u00bb0&Prime; gmbt_prlx_video_width_correction=\u00a0\u00bb0&Prime; gmbt_prlx_row_span=\u00a0\u00bb0&Prime; css=\u00a0\u00bb.vc_custom_1443647161743{padding-top: 26px !important;padding-bottom: 26px !important;}\u00a0\u00bb][vc_column width=\u00a0\u00bb1\/2&Prime;][vc_column_text]<\/p>\n<h1>Contactez-nous<\/h1>\n<p>[\/vc_column_text][\/vc_column][vc_column width=\u00a0\u00bb1\/2&Prime;][\/vc_column][\/vc_row][vc_row][vc_column][vc_tabs interval=\u00a0\u00bb0&Prime;][vc_tab title=\u00a0\u00bbMap\u00a0\u00bb tab_id=\u00a0\u00bb494d8d2e-51ee-49453-9b16&Prime;][vc_gmaps link=\u00a0\u00bb#E-8_JTNDaWZyYW1lJTIwc3JjJTNEJTIyaHR0cHMlM0ElMkYlMkZ3d3cuZ29vZ2xlLmNvbSUyRm1hcHMlMkZlbWJlZCUzRnBiJTNEJTIxMW0xOCUyMTFtMTIlMjExbTMlMjExZDI3OTYuODE1NjkwMzI2MTUxJTIxMmQtNzMuNTgyMDE3ODg0MTYwOSUyMTNkNDUuNDkzNjU2MTM5NDk3ODclMjEybTMlMjExZjAlMjEyZjAlMjEzZjAlMjEzbTIlMjExaTEwMjQlMjEyaTc2OCUyMTRmMTMuMSUyMTNtMyUyMTFtMiUyMTFzMHg0Y2M5MWE2YjhkYzE1NDgzJTI1M0EweDI3MzYyOWIzZjUyYTkwMjAlMjEyc01vb3NlQmF3ciUyMTVlMCUyMTNtMiUyMTFzZW4lMjEyc2NhJTIxNHYxNDY2NzAwMzM1OTYyJTIyJTIwd2lkdGglM0QlMjIxOTIwJTIyJTIwaGVpZ2h0JTNEJTIyNTAwJTIyJTIwZnJhbWVib3JkZXIlM0QlMjIwJTIyJTIwc3R5bGUlM0QlMjJib3JkZXIlM0EwJTIyJTIwYWxsb3dmdWxsc2NyZWVuJTNFJTNDJTJGaWZyYW1lJTNF\u00a0\u00bb][\/vc_tab][vc_tab title=\u00a0\u00bb360\u00b0\u00a0\u00bb tab_id=\u00a0\u00bbcf0dac95-1efc-49453-9b16&Prime;][vc_raw_js]JTNDaWZyYW1lJTIwc3JjJTNEJTIyaHR0cHMlM0ElMkYlMkZ3d3cuZ29vZ2xlLmNvbSUyRm1hcHMlMkZlbWJlZCUzRnBiJTNEJTIxMW0wJTIxM20yJTIxMXNlbiUyMTJzY2ElMjE0djE0NDM2NDU3MzUzODclMjE2bTglMjExbTclMjExczBHVU0wNkJuS2E4QUFBUWZDWEg5QUElMjEybTIlMjExZDQ1LjQ5MzY1MzQwNDM1MzglMjEyZC03My41Nzk3OTczMDgzODgzOCUyMTNmMjkyLjUxNzQ5OTE1NzcyNDclMjE0Zi03LjEwMjAyOTIyMDA0Nzc1NCUyMTVmMS4xNDk0MDA3MjE4NzMxOSUyMiUyMHdpZHRoJTNEJTIyMTAwJTI1JTIyJTIwaGVpZ2h0JTNEJTIyNTAwJTIyJTIwZnJhbWVib3JkZXIlM0QlMjIwJTIyJTIwc3R5bGUlM0QlMjJib3JkZXIlM0EwJTIyJTIwYWxsb3dmdWxsc2NyZWVuJTNFJTNDJTJGaWZyYW1lJTNF[\/vc_raw_js][\/vc_tab][\/vc_tabs][\/vc_column][\/vc_row][vc_row el_class=\u00a0\u00bbcontained\u00a0\u00bb gmbt_prlx_video_youtube_loop_trigger=\u00a0\u00bb0&Prime; gmbt_prlx_video_height_correction=\u00a0\u00bb0&Prime; gmbt_prlx_video_width_correction=\u00a0\u00bb0&Prime; gmbt_prlx_row_span=\u00a0\u00bb0&Prime; css=\u00a0\u00bb.vc_custom_1443647269746{padding-top: 0px !important;padding-bottom: 100px !important;}\u00a0\u00bb][vc_column width=\u00a0\u00bb1\/2&Prime;][vc_column_text css=\u00a0\u00bb.vc_custom_1684862196201{margin-bottom: 27px !important;}\u00a0\u00bb]<\/p>\n<h5 style=\"text-align: left; font-size: 1.5em;\">Nous joindre:<\/h5>\n<p>[\/vc_column_text]<div role=\"form\" class=\"wpcf7\" id=\"wpcf7-f971-o1\" lang=\"fr-FR\" dir=\"ltr\">\n<div class=\"screen-reader-response\"><p role=\"status\" aria-live=\"polite\" aria-atomic=\"true\"><\/p> <ul><\/ul><\/div>\n<form action=\"\/fr\/wp-json\/wp\/v2\/pages\/154#wpcf7-f971-o1\" method=\"post\" class=\"wpcf7-form init\" novalidate=\"novalidate\" data-status=\"init\">\n<div style=\"display: none;\">\n<input type=\"hidden\" name=\"_wpcf7\" value=\"971\" \/>\n<input type=\"hidden\" name=\"_wpcf7_version\" value=\"5.4.2\" \/>\n<input type=\"hidden\" name=\"_wpcf7_locale\" value=\"fr_FR\" \/>\n<input type=\"hidden\" name=\"_wpcf7_unit_tag\" value=\"wpcf7-f971-o1\" \/>\n<input type=\"hidden\" name=\"_wpcf7_container_post\" value=\"0\" \/>\n<input type=\"hidden\" name=\"_wpcf7_posted_data_hash\" value=\"\" \/>\n<\/div>\n<p>Votre nom (obligatoire)<br \/>\n    <span class=\"wpcf7-form-control-wrap your-name\"><input type=\"text\" name=\"your-name\" value=\"\" size=\"40\" class=\"wpcf7-form-control wpcf7-text wpcf7-validates-as-required\" aria-required=\"true\" aria-invalid=\"false\" \/><\/span> <\/p>\n<p>Votre email (obligatoire)<br \/>\n    <span class=\"wpcf7-form-control-wrap your-email\"><input type=\"email\" name=\"your-email\" value=\"\" size=\"40\" class=\"wpcf7-form-control wpcf7-text wpcf7-email wpcf7-validates-as-required wpcf7-validates-as-email\" aria-required=\"true\" aria-invalid=\"false\" \/><\/span> <\/p>\n<p>Sujet (obligatoire)<br \/>\n    <span class=\"wpcf7-form-control-wrap your-subject\"><input type=\"text\" name=\"your-subject\" value=\"\" size=\"40\" class=\"wpcf7-form-control wpcf7-text wpcf7-validates-as-required\" aria-required=\"true\" aria-invalid=\"false\" \/><\/span> <\/p>\n<p>Num\u00e9ro de t\u00e9l\u00e9phone<br \/>\n    <span class=\"wpcf7-form-control-wrap your-telephone\"><input type=\"tel\" name=\"your-telephone\" value=\"\" size=\"40\" class=\"wpcf7-form-control wpcf7-text wpcf7-tel wpcf7-validates-as-tel\" aria-invalid=\"false\" \/><\/span> <\/p>\n<p>Votre message<br \/>\n    <span class=\"wpcf7-form-control-wrap your-message\"><textarea name=\"your-message\" cols=\"40\" rows=\"10\" class=\"wpcf7-form-control wpcf7-textarea\" aria-invalid=\"false\"><\/textarea><\/span> <\/p>\n<p><input type=\"submit\" value=\"Envoyer\" class=\"wpcf7-form-control wpcf7-submit\" \/><\/p>\n<div class=\"wpcf7-response-output\" aria-hidden=\"true\"><\/div><\/form><\/div>[\/vc_column][vc_column width=\u00a0\u00bb1\/2&Prime;][vc_column_text css=\u00a0\u00bb.vc_custom_1684862046973{margin-bottom: 20px !important;}\u00a0\u00bb]<\/p>\n<h5 style=\"text-align: left; font-size: 1.5em;\">Coordonn\u00e9es :<\/h5>\n<p>[\/vc_column_text][vc_column_text css=\u00a0\u00bb.vc_custom_1684862128904{margin-bottom: 20px !important;}\u00a0\u00bb]<\/p>\n<p style=\"text-align: left;\"><strong>Adresse :<\/strong> <span style=\"font-weight: 400;\">1817 Ste-Catherine Ouest<\/span><br \/>\n<strong>T\u00e9l\u00e9phone: <\/strong>(514) 846-6673<br \/>\n<strong>Courriel:<\/strong>\u00a0<a href=\"mailto:info@moosebawr.com\">info@moosebawr.com<\/a><\/p>\n<p>[\/vc_column_text][vc_column_text]<a href=\"https:\/\/twitter.com\/MooseBawr\" target=\"_blank\" rel=\"noopener\"><i class=\"icon fa fa-twitter\" style=\" font-size:24px!important; \"><\/i><\/a> \u00a0<a href=\"https:\/\/www.facebook.com\/moosebawrmtl\" target=\"_blank\" rel=\"noopener\"><i class=\"icon fa fa-facebook\" style=\" font-size:24px!important; \"><\/i><\/a> \u00a0<a href=\"https:\/\/instagram.com\/moosebawr\/\" target=\"_blank\" rel=\"noopener\"><i class=\"icon fa fa-instagram\" style=\" font-size:24px!important; \"><\/i><\/a>[\/vc_column_text][vc_column_text css=\u00a0\u00bb.vc_custom_1684862160412{margin-bottom: 20px !important;}\u00a0\u00bb]<\/p>\n<h5 style=\"text-align: left; font-size: 1.5em;\">Heures d&rsquo;ouverture:<\/h5>\n<p>[\/vc_column_text][vc_column_text css=\u00a0\u00bb.vc_custom_1684862171518{margin-bottom: 20px !important;}\u00a0\u00bb]<\/p>\n<p style=\"text-align: left;\"><span style=\"font-weight: 400;\">10h30 &#8211; 3h00<\/span><\/p>\n<p>[\/vc_column_text][\/vc_column][\/vc_row]<\/p>","protected":false},"excerpt":{"rendered":"<p>[vc_row el_class=\u00a0\u00bbcontained\u00a0\u00bb gmbt_prlx_video_youtube_loop_trigger=\u00a0\u00bb0&Prime; gmbt_prlx_video_height_correction=\u00a0\u00bb0&Prime; gmbt_prlx_video_width_correction=\u00a0\u00bb0&Prime; gmbt_prlx_row_span=\u00a0\u00bb0&Prime; css=\u00a0\u00bb.vc_custom_1443647161743{padding-top: 26px !important;padding-bottom: 26px !important;}\u00a0\u00bb][vc_column width=\u00a0\u00bb1\/2&Prime;][vc_column_text] Contactez-nous [\/vc_column_text][\/vc_column][vc_column width=\u00a0\u00bb1\/2&Prime;][\/vc_column][\/vc_row][vc_row][vc_column][vc_tabs interval=\u00a0\u00bb0&Prime;][vc_tab title=\u00a0\u00bbMap\u00a0\u00bb tab_id=\u00a0\u00bb494d8d2e-51ee-49453-9b16&Prime;][vc_gmaps link=\u00a0\u00bb#E-8_JTNDaWZyYW1lJTIwc3JjJTNEJTIyaHR0cHMlM0ElMkYlMkZ3d3cuZ29vZ2xlLmNvbSUyRm1hcHMlMkZlbWJlZCUzRnBiJTNEJTIxMW0xOCUyMTFtMTIlMjExbTMlMjExZDI3OTYuODE1NjkwMzI2MTUxJTIxMmQtNzMuNTgyMDE3ODg0MTYwOSUyMTNkNDUuNDkzNjU2MTM5NDk3ODclMjEybTMlMjExZjAlMjEyZjAlMjEzZjAlMjEzbTIlMjExaTEwMjQlMjEyaTc2OCUyMTRmMTMuMSUyMTNtMyUyMTFtMiUyMTFzMHg0Y2M5MWE2YjhkYzE1NDgzJTI1M0EweDI3MzYyOWIzZjUyYTkwMjAlMjEyc01vb3NlQmF3ciUyMTVlMCUyMTNtMiUyMTFzZW4lMjEyc2NhJTIxNHYxNDY2NzAwMzM1OTYyJTIyJTIwd2lkdGglM0QlMjIxOTIwJTIyJTIwaGVpZ2h0JTNEJTIyNTAwJTIyJTIwZnJhbWVib3JkZXIlM0QlMjIwJTIyJTIwc3R5bGUlM0QlMjJib3JkZXIlM0EwJTIyJTIwYWxsb3dmdWxsc2NyZWVuJTNFJTNDJTJGaWZyYW1lJTNF\u00a0\u00bb][\/vc_tab][vc_tab title=\u00a0\u00bb360\u00b0\u00a0\u00bb tab_id=\u00a0\u00bbcf0dac95-1efc-49453-9b16&Prime;][vc_raw_js]JTNDaWZyYW1lJTIwc3JjJTNEJTIyaHR0cHMlM0ElMkYlMkZ3d3cuZ29vZ2xlLmNvbSUyRm1hcHMlMkZlbWJlZCUzRnBiJTNEJTIxMW0wJTIxM20yJTIxMXNlbiUyMTJzY2ElMjE0djE0NDM2NDU3MzUzODclMjE2bTglMjExbTclMjExczBHVU0wNkJuS2E4QUFBUWZDWEg5QUElMjEybTIlMjExZDQ1LjQ5MzY1MzQwNDM1MzglMjEyZC03My41Nzk3OTczMDgzODgzOCUyMTNmMjkyLjUxNzQ5OTE1NzcyNDclMjE0Zi03LjEwMjAyOTIyMDA0Nzc1NCUyMTVmMS4xNDk0MDA3MjE4NzMxOSUyMiUyMHdpZHRoJTNEJTIyMTAwJTI1JTIyJTIwaGVpZ2h0JTNEJTIyNTAwJTIyJTIwZnJhbWVib3JkZXIlM0QlMjIwJTIyJTIwc3R5bGUlM0QlMjJib3JkZXIlM0EwJTIyJTIwYWxsb3dmdWxsc2NyZWVuJTNFJTNDJTJGaWZyYW1lJTNF[\/vc_raw_js][\/vc_tab][\/vc_tabs][\/vc_column][\/vc_row][vc_row el_class=\u00a0\u00bbcontained\u00a0\u00bb gmbt_prlx_video_youtube_loop_trigger=\u00a0\u00bb0&Prime; gmbt_prlx_video_height_correction=\u00a0\u00bb0&Prime; gmbt_prlx_video_width_correction=\u00a0\u00bb0&Prime; gmbt_prlx_row_span=\u00a0\u00bb0&Prime; css=\u00a0\u00bb.vc_custom_1443647269746{padding-top: 0px !important;padding-bottom: 100px !important;}\u00a0\u00bb][vc_column width=\u00a0\u00bb1\/2&Prime;][vc_column_text css=\u00a0\u00bb.vc_custom_1684862196201{margin-bottom: 27px !important;}\u00a0\u00bb] Nous joindre: [\/vc_column_text][\/vc_column][vc_column width=\u00a0\u00bb1\/2&Prime;][vc_column_text css=\u00a0\u00bb.vc_custom_1684862046973{margin-bottom: 20px !important;}\u00a0\u00bb] Coordonn\u00e9es : [\/vc_column_text][vc_column_text css=\u00a0\u00bb.vc_custom_1684862128904{margin-bottom: 20px !important;}\u00a0\u00bb] Adresse : 1817 Ste-Catherine Ouest T\u00e9l\u00e9phone: (514) [&hellip;]<\/p>\n","protected":false},"author":1,"featured_media":0,"parent":0,"menu_order":0,"comment_status":"open","ping_status":"open","template":"full-width-standalone-page.php","meta":[],"_links":{"self":[{"href":"https:\/\/moosebawr.com\/fr\/wp-json\/wp\/v2\/pages\/154"}],"collection":[{"href":"https:\/\/moosebawr.com\/fr\/wp-json\/wp\/v2\/pages"}],"about":[{"href":"https:\/\/moosebawr.com\/fr\/wp-json\/wp\/v2\/types\/page"}],"author":[{"embeddable":true,"href":"https:\/\/moosebawr.com\/fr\/wp-json\/wp\/v2\/users\/1"}],"replies":[{"embeddable":true,"href":"https:\/\/moosebawr.com\/fr\/wp-json\/wp\/v2\/comments?post=154"}],"version-history":[{"count":41,"href":"https:\/\/moosebawr.com\/fr\/wp-json\/wp\/v2\/pages\/154\/revisions"}],"predecessor-version":[{"id":1063,"href":"https:\/\/moosebawr.com\/fr\/wp-json\/wp\/v2\/pages\/154\/revisions\/1063"}],"wp:attachment":[{"href":"https:\/\/moosebawr.com\/fr\/wp-json\/wp\/v2\/media?parent=154"}],"curies":[{"name":"wp","href":"https:\/\/api.w.org\/{rel}","templated":true}]}}