{"id":108,"date":"2014-09-20T12:55:15","date_gmt":"2014-09-20T12:55:15","guid":{"rendered":"http:\/\/www.highgradelab.com\/shore-restaurant\/?page_id=108"},"modified":"2016-06-23T12:28:53","modified_gmt":"2016-06-23T16:28:53","slug":"a-propos","status":"publish","type":"page","link":"https:\/\/moosebawr.com\/fr\/home\/a-propos\/","title":{"rendered":"\u00c0 propos"},"content":{"rendered":"<p>[vc_row][vc_column width=\u00a0\u00bb1\/2&Prime;][vc_gallery type=\u00a0\u00bbflexslider_slide\u00a0\u00bb interval=\u00a0\u00bb0&Prime; images=\u00a0\u00bb588&Prime; img_size=\u00a0\u00bblarge\u00a0\u00bb][\/vc_column][vc_column width=\u00a0\u00bb1\/2&Prime;][vc_column_text css_animation=\u00a0\u00bbright-to-left\u00a0\u00bb]<\/p>\n<h1 style=\"color: white;\"><span style=\"font-family: Courgette;\">L&rsquo;<\/span> EXP\u00c9RIENCE<\/h1>\n<p style=\"color: white; font-size: 20px;\">Enclav\u00e9e dans un d\u00e9cor canadien rustique, signature incontestable de la marque, l&rsquo;entr\u00e9e du Moose Bawr donne l\u2019impression d\u2019entrer dans un chalet douillet. C\u2019est l\u2019endroit id\u00e9al pour se m\u00ealer aux autres, commander un cocktail ou d\u00eener nonchalamment avec des amis. Fond\u00e9 en avril 2014, le Moose Bawr est rapidement devenu une destination populaire \u00e0 celles et ceux qui recherchent un pub ou une taverne de proximit\u00e9 pour boire un verre apr\u00e8s le travail ou pour discuter d\u2019\u00e9v\u00e9nements sportifs. Se sp\u00e9cialisant dans les menus de pubs canadiens, les clients peuvent profiter de la vue plongeante sur le 1817 Ste-Catherine ouest.<\/p>\n<p><a class=\"vc_btn vc_btn_white vc_btn-white vc_btn_lg vc_btn-lg vc_btn_outlined\" href=\"\/fr\/menu\/\">Voir le menu<\/a>[\/vc_column_text][\/vc_column][\/vc_row][vc_row][vc_column width=\u00a0\u00bb1\/2&Prime;][vc_column_text css_animation=\u00a0\u00bbleft-to-right\u00a0\u00bb]<\/p>\n<h1 style=\"color: white;\"><span style=\"font-family: Courgette;\">La<\/span> T\u00c9RASSE<\/h1>\n<p style=\"color: white; font-size: 20px;\">La terrasse attenante du Moose Bawr propose ses tables d\u00e8s que le temps se fait plus doux. C&rsquo;est l&rsquo;endroit parfait qui permet aux clients de siroter une des nombreuses boisons de sangria, aussi diverses qu\u2019inventives, tout en go\u00fbtant aux sp\u00e9cialit\u00e9s de la maison telles que les saucisses artisanales, les poutines et autres d\u00e9licieux plats typiques des pubs. Le concept de Moose Bawr d\u00e9coule du caract\u00e8re bien distinct de l&rsquo;ambiance, l&rsquo;art, la cuisine et la culture si caract\u00e9ristiques du Canada, et ses fondateurs r\u00e9ussissent \u00e0 offrir \u00e0 leurs clients une exp\u00e9rience intense mais tout \u00e0 fait relaxe.<\/p>\n<p>[\/vc_column_text][\/vc_column][vc_column width=\u00a0\u00bb1\/2&Prime;][vc_gallery interval=\u00a0\u00bb0&Prime; images=\u00a0\u00bb610&Prime; img_size=\u00a0\u00bblarge\u00a0\u00bb][\/vc_column][\/vc_row]<\/p>","protected":false},"excerpt":{"rendered":"<p>[vc_row][vc_column width=\u00a0\u00bb1\/2&Prime;][vc_gallery type=\u00a0\u00bbflexslider_slide\u00a0\u00bb interval=\u00a0\u00bb0&Prime; images=\u00a0\u00bb588&Prime; img_size=\u00a0\u00bblarge\u00a0\u00bb][\/vc_column][vc_column width=\u00a0\u00bb1\/2&Prime;][vc_column_text css_animation=\u00a0\u00bbright-to-left\u00a0\u00bb] L&rsquo; EXP\u00c9RIENCE Enclav\u00e9e dans un d\u00e9cor canadien rustique, signature incontestable de la marque, l&rsquo;entr\u00e9e du Moose Bawr donne l\u2019impression d\u2019entrer dans un chalet douillet. C\u2019est l\u2019endroit id\u00e9al pour se m\u00ealer aux autres, commander un cocktail ou d\u00eener nonchalamment avec des amis. Fond\u00e9 en avril 2014, le Moose [&hellip;]<\/p>\n","protected":false},"author":1,"featured_media":607,"parent":224,"menu_order":80,"comment_status":"open","ping_status":"open","template":"","meta":[],"_links":{"self":[{"href":"https:\/\/moosebawr.com\/fr\/wp-json\/wp\/v2\/pages\/108"}],"collection":[{"href":"https:\/\/moosebawr.com\/fr\/wp-json\/wp\/v2\/pages"}],"about":[{"href":"https:\/\/moosebawr.com\/fr\/wp-json\/wp\/v2\/types\/page"}],"author":[{"embeddable":true,"href":"https:\/\/moosebawr.com\/fr\/wp-json\/wp\/v2\/users\/1"}],"replies":[{"embeddable":true,"href":"https:\/\/moosebawr.com\/fr\/wp-json\/wp\/v2\/comments?post=108"}],"version-history":[{"count":24,"href":"https:\/\/moosebawr.com\/fr\/wp-json\/wp\/v2\/pages\/108\/revisions"}],"predecessor-version":[{"id":993,"href":"https:\/\/moosebawr.com\/fr\/wp-json\/wp\/v2\/pages\/108\/revisions\/993"}],"up":[{"embeddable":true,"href":"https:\/\/moosebawr.com\/fr\/wp-json\/wp\/v2\/pages\/224"}],"wp:featuredmedia":[{"embeddable":true,"href":"https:\/\/moosebawr.com\/fr\/wp-json\/wp\/v2\/media\/607"}],"wp:attachment":[{"href":"https:\/\/moosebawr.com\/fr\/wp-json\/wp\/v2\/media?parent=108"}],"curies":[{"name":"wp","href":"https:\/\/api.w.org\/{rel}","templated":true}]}}